{"id":1066,"date":"2022-02-23T21:46:16","date_gmt":"2022-02-23T21:46:16","guid":{"rendered":"https:\/\/planetalanguagesolutions.com\/?page_id=1066"},"modified":"2022-05-09T19:26:14","modified_gmt":"2022-05-09T19:26:14","slug":"politica-de-privacitat","status":"publish","type":"page","link":"https:\/\/planetalanguagesolutions.com\/ca\/politica-de-privacitat","title":{"rendered":"Pol\u00edtica de privacitat i galetes"},"content":{"rendered":"<h3>Introducci\u00f3<\/h3>\n<p>Planet\u00a0A Language Solutions (d&#8217;ara endavant, \u201cPlanet\u00a0A\u201d) es pren molt seriosament la privacitat i la seguretat de les vostres dades. Aquesta Pol\u00edtica explica com i amb quines finalitats utilitzem la informaci\u00f3 recopilada sobre v\u00f3s a trav\u00e9s del nostre lloc web www.planetalanguagesolutions.com (d&#8217;ara endavant, \u201cel lloc web\u201d), d&#8217;acord amb les disposicions del Reglament general de protecci\u00f3 de dades (RGPD) europeu, de 25 de maig de 2018, i la Llei org\u00e0nica 3\/2018, de 5 de desembre, de protecci\u00f3 de dades de car\u00e0cter personal i garantia dels drets digitals (LOPDGDD).<\/p>\n<p>Si us plau, llegiu atentament aquesta Pol\u00edtica de privacitat. En utilitzar el lloc web i els serveis que oferim a trav\u00e9s seu, accepteu estar subjecte als termes d&#8217;aquesta Pol\u00edtica pel que fa a la informaci\u00f3 personal que es recull a trav\u00e9s del lloc web.<\/p>\n<p>Aquesta Pol\u00edtica no s&#8217;aplica a les pr\u00e0ctiques de privacitat de tercers ni al contingut dels llocs web enlla\u00e7ats, dels quals nosaltres no som responsables Us animem a llegir les pol\u00edtiques de privacitat i els termes i condicions aplicables d&#8217;aquestes parts o llocs web.<\/p>\n<p>Si teniu qualsevol consulta sobre aquesta Pol\u00edtica, poseu-vos en contacte amb nosaltres per correu electr\u00f2nic a info@planetalanguagesolutions.com i farem tot el possible per respondre les vostres preguntes.<\/p>\n<h3>Principis de protecci\u00f3 de dades<\/h3>\n<p>Planet\u00a0A compleix les lleis de protecci\u00f3 de dades esmentades anteriorment, que estableixen que la informaci\u00f3 personal que tenim sobre v\u00f3s:<\/p>\n<ul>\n<li>s\u2019ha d\u2019utilitzar de manera l\u00edcita, justa i transparent;<\/li>\n<li>s\u2019ha de recopilar nom\u00e9s per a finalitats v\u00e0lides que us hem explicat clarament i no s\u2019ha d\u2019utilitzar de cap manera que sigui incompatible amb aquestes finalitats;<\/li>\n<li>ha de ser adequada, pertinent i limitada al que sigui necessari en relaci\u00f3 amb les finalitats per a les quals es tracta;<\/li>\n<li>ha de ser precisa i actualitzada;<\/li>\n<li>s\u2019ha de conservar en una forma que us identifiqui nom\u00e9s durant el temps que sigui necessari per a les finalitats indicades;<\/li>\n<li>s\u2019ha de conservar de manera segura.<\/li>\n<\/ul>\n<p>Hem implementat les mesures t\u00e8cniques, organitzatives i de seguretat adequades per garantir i protegir la confidencialitat, la integritat i la disponibilitat de les dades personals que proporcioneu a trav\u00e9s del lloc web.<\/p>\n<h3>Com es recull la vostra informaci\u00f3 personal<\/h3>\n<p>Recopilem informaci\u00f3 personal vostra nom\u00e9s mitjan\u00e7ant el nostre formulari de contacte.<\/p>\n<h3>Tipus d&#8217;informaci\u00f3 recollida<\/h3>\n<p>Informaci\u00f3 que recollim directament:<\/p>\n<ul>\n<li>La informaci\u00f3 personal proporcionada per v\u00f3s de manera conscient, com ara el vostre nom, el nom de l&#8217;empresa, l\u2019adre\u00e7a de correu electr\u00f2nic, l\u2019adre\u00e7a postal, la ubicaci\u00f3, etc.<\/li>\n<li>Documentaci\u00f3 que proporcioneu amb l&#8217;objectiu de rebre un pressupost o sol\u00b7licitar un servei. El contingut dels fitxers enviats a trav\u00e9s del formulari de contacte amb aquesta finalitat s&#8217;emmagatzemar\u00e0 fins al moment en qu\u00e8 ja no sigui necessari.<\/li>\n<\/ul>\n<p>Informaci\u00f3 recollida autom\u00e0ticament:<\/p>\n<p>Determinats tipus d&#8217;informaci\u00f3 es reben autom\u00e0ticament sempre que visualitzeu el lloc web. Aquesta informaci\u00f3 inclou:<\/p>\n<ul>\n<li>URL sol\u00b7licitat (localitzador uniforme de recursos)<\/li>\n<li>Adre\u00e7a IP (protocol d&#8217;internet) (pot identificar o no un ordinador espec\u00edfic)<\/li>\n<li>Nom de domini des del qual accediu a internet<\/li>\n<li>URL de refer\u00e8ncia<\/li>\n<li>Programari (navegador\/sistema operatiu) utilitzat per accedir a la p\u00e0gina<\/li>\n<li>La data i l&#8217;hora en qu\u00e8 s&#8217;han visitat les p\u00e0gines<\/li>\n<\/ul>\n<h3>Per a qu\u00e8 fem servir la vostra informaci\u00f3 personal<\/h3>\n<ul>\n<li>Per respondre a les vostres consultes<\/li>\n<li>Per oferir-vos un pressupost o servei<\/li>\n<li>Per complir una obligaci\u00f3 legal, si escau<\/li>\n<li>Per ajudar a mantenir el nostre lloc segur i protegit<\/li>\n<\/ul>\n<h3>Acc\u00e9s de tercers<\/h3>\n<p>Totes les dades es tracten en ordinadors protegits amb contrasenya i no s\u00f3n accessibles per a tercers. No fem servir les vostres dades personals amb finalitats de m\u00e0rqueting ni les compartim amb tercers. Tanmateix, com passa amb tots els llocs web, la vostra adre\u00e7a IP es registra quan visiteu el nostre lloc web. La vostra adre\u00e7a IP pot proporcionar informaci\u00f3 sobre la ciutat o el pa\u00eds on es troba la vostra empresa o dispositiu. Tamb\u00e9 es pot registrar la p\u00e0gina que us ha \u201creferit\u201d al lloc web (per exemple, www.google.com). Aquestes dades nom\u00e9s s&#8217;utilitzen per a la gesti\u00f3 del lloc web. S\u00f3n accessibles per a l&#8217;empresa d&#8217;allotjament de Planet\u00a0A, per\u00f2 no es comparteixen amb tercers.<\/p>\n<h3>Exercici de drets<\/h3>\n<p>En virtut de les esmentades lleis de protecci\u00f3 de dades de car\u00e0cter personal, com a persona teniu els drets seg\u00fcents, que es poden exercir en qualsevol moment:<\/p>\n<ul>\n<li>Dret a l\u2019acc\u00e9s: teniu dret a confirmar que les vostres dades s&#8217;estan tractant, aix\u00ed com el dret a accedir a la vostra informaci\u00f3 personal.<\/li>\n<li>Dret a la rectificaci\u00f3: teniu dret a rectificar les dades personals inexactes o a completar-les si estan incompletes.<\/li>\n<li>Dret d&#8217;esborrat: teniu dret a demanar que se suprimeixin totes les vostres dades, tamb\u00e9 conegut com a <em>dret a l&#8217;oblit<\/em>.<\/li>\n<li>Dret a la limitaci\u00f3 del tractament: teniu dret a sol\u00b7licitar la limitaci\u00f3 del tractament de les vostres dades personals. Aquest no \u00e9s un dret absolut i nom\u00e9s s&#8217;aplica en determinades circumst\u00e0ncies.<\/li>\n<li>Dret a la portabilitat de les dades: teniu dret a obtenir i reutilitzar les vostres dades personals per a qualsevol finalitat pr\u00f2pia a trav\u00e9s de diferents serveis.<\/li>\n<li>Dret a l&#8217;oposici\u00f3: teniu dret a oposar-vos al tractament en algunes circumst\u00e0ncies. El tractament ha d&#8217;aturar-se llevat que hi hagi motius leg\u00edtims que anul\u00b7lin els vostres drets, interessos o llibertats o que el tractament s&#8217;hagi dut a terme en relaci\u00f3 amb una reclamaci\u00f3 legal.<\/li>\n<li>Dret a ser informat: teniu dret a saber per qu\u00e8 necessitem processar la vostra informaci\u00f3 personal, com la fem servir, amb qui la podem compartir i com mantenim la informaci\u00f3 segura.<\/li>\n<li>Drets relacionats amb la presa de decisions automatitzada i l&#8217;elaboraci\u00f3 de perfils: teniu dret a no estar subjecte a una decisi\u00f3 basada \u00fanicament en el tractament automatitzat. El tractament \u00e9s <em>automatitzat<\/em> quan es fa sense intervenci\u00f3 humana i produeix efectes legals o us afecta de manera significativa. El processament automatitzat inclou l&#8217;elaboraci\u00f3 de perfils.<\/li>\n<\/ul>\n<p>Per exercir qualsevol d&#8217;aquests drets, escriviu-nos a <a href=\"about:blank\">info@planetalanguagesolutions.com<\/a>.<\/p>\n<h3>Canvis en la nostra Pol\u00edtica de privacitat<\/h3>\n<p>Modificarem aquesta Pol\u00edtica de privacitat per garantir que compleixi qualsevol canvi en la legislaci\u00f3 en mat\u00e8ria de protecci\u00f3 de dades o per reflectir-hi qualsevol canvi en la manera com fem servir les vostres dades personals. La Pol\u00edtica de privacitat del nostre lloc web sempre reflectir\u00e0 les nostres pol\u00edtiques i procediments actuals i vigents.<\/p>\n<h2>Pol\u00edtica de galetes<\/h2>\n<p>Les galetes s\u00f3n petits fitxers de text que els llocs web que visiteu col\u00b7loquen al vostre ordinador, tel\u00e8fon intel\u00b7ligent o tauleta. S&#8217;utilitzen per identificar el vostre ordinador al servidor d&#8217;un lloc web i ajudar a personalitzar el lloc per al vostre \u00fas, ja sigui en la vostra sessi\u00f3 de navegaci\u00f3 actual o en visites futures al lloc. Tamb\u00e9 milloren el funcionament del lloc, per exemple, permetent-vos navegar entre p\u00e0gines de manera eficient.<\/p>\n<p>Algunes galetes s\u00f3n <em>galetes de sessi\u00f3<\/em>, la qual cosa significa que es creen nom\u00e9s per al moment de la vostra visita i s&#8217;eliminen quan abandoneu el lloc web. Altres galetes (galetes <em>persistents<\/em>) es queden al vostre dispositiu durant un per\u00edode de temps especificat a la galeta. Les galetes persistents s&#8217;activen cada vegada que visiteu el lloc web que va crear aquesta galeta en particular perqu\u00e8 el lloc recordi qui sou quan hi torneu i pugui personalitzar-se per al vostre \u00fas.<\/p>\n<h3 style=\"line-height: normal; background: white; margin: 12.0pt 0cm 12.0pt 0cm;\">Galetes utilitzades en aquest lloc web<\/h3>\n<p>Aquest lloc web nom\u00e9s utilitza les galetes estrictament necess\u00e0ries que permeten un funcionament b\u00e0sic, com ara la seguretat, la gesti\u00f3 de la xarxa i l&#8217;accessibilitat. Aquestes galetes no recullen informaci\u00f3 sobre v\u00f3s que es pugui utilitzar per a m\u00e0rqueting o per recordar a quins llocs d\u2019internet heu estat. En seguir utilitzant el nostre lloc web, accepteu l&#8217;\u00fas d&#8217;aquestes galetes.<\/p>\n<p>Podeu bloquejar les galetes canviant la configuraci\u00f3 del vostre navegador. Tanmateix, bloquejar totes les galetes (incloses les estrictament necess\u00e0ries) pot afectar la vostra experi\u00e8ncia de navegaci\u00f3.<\/p>\n<p>Podeu obtenir m\u00e9s informaci\u00f3 sobre les galetes a <a href=\"https:\/\/www.allaboutcookies.org\/\">www.allaboutcookies.org<\/a>.<\/p>\n<h3>Com canviar la configuraci\u00f3 de les galetes<\/h3>\n<p>La majoria dels navegadors us permeten canviar la configuraci\u00f3 de les galetes. Aquests par\u00e0metres normalment es troben al men\u00fa Opcions o Prefer\u00e8ncies del vostre navegador d&#8217;internet. Tanmateix, heu de tenir en compte que desactivar les galetes pot restringir l&#8217;\u00fas d&#8217;aquest lloc web.<\/p>\n<p>Per obtenir m\u00e9s detalls sobre com gestionar les galetes segons el navegador que utilitzeu, podeu visitar les p\u00e0gines seg\u00fcents:<\/p>\n<ul>\n<li><a href=\"https:\/\/www.apple.com\/legal\/privacy\/es\/cookies\/\" target=\"_blank\" rel=\"noopener\">Apple Safari<\/a><\/li>\n<li><a href=\"https:\/\/support.google.com\/accounts\/answer\/61416?hl=ca&amp;co=GENIE.Platform%3DDesktop\" target=\"_blank\" rel=\"noopener\">Google Chrome<\/a><\/li>\n<li><a href=\"https:\/\/websetnet.net\/ca\/how-to-allow-or-block-cookies-in-microsoft-edge-browser\/\" target=\"_blank\" rel=\"noopener\">Microsoft Edge<\/a><\/li>\n<li><a href=\"https:\/\/support.microsoft.com\/es-es\/windows\/eliminar-y-administrar-cookies-168dab11-0753-043d-7c16-ede5947fc64d#ie=ie-11\" target=\"_blank\" rel=\"noopener\">Microsoft Internet Explorer<\/a><\/li>\n<li><a href=\"https:\/\/support.mozilla.org\/es\/kb\/Borrar%20cookies\" target=\"_blank\" rel=\"noopener\">Mozilla Firefox<\/a><\/li>\n<\/ul>\n<h3>La nostra Pol\u00edtica de galetes no cobreix els llocs web de tercers<\/h3>\n<p>Tingueu en compte que aquesta Pol\u00edtica de galetes no s&#8217;aplica a les pr\u00e0ctiques de privacitat dels llocs web de tercers als quals es pot enlla\u00e7ar o accedir a trav\u00e9s d&#8217;aquest lloc web, i dels quals no som responsables.<\/p>\n<h3>Canvis en la nostra Pol\u00edtica de galetes<\/h3>\n<p>\u00c9s possible que actualitzem aquesta Pol\u00edtica de galetes de tant en tant per tal de facilitar-vos tota la informaci\u00f3 sobre l&#8217;\u00fas de galetes al nostre lloc web. Us recomanem que consulteu aquesta Pol\u00edtica de galetes cada vegada que visiteu el nostre lloc web per comprovar si ha canviat la manera com emprem les galetes.<\/p>\n<p>_______________________________________________________________<\/p>\n","protected":false},"excerpt":{"rendered":"<p>Introducci\u00f3 Planet\u00a0A Language Solutions (d&#8217;ara endavant, \u201cPlanet\u00a0A\u201d) es pren molt seriosament la privacitat i la seguretat de les vostres dades. Aquesta Pol\u00edtica explica com i amb quines finalitats utilitzem la informaci\u00f3 recopilada sobre v\u00f3s a trav\u00e9s del nostre lloc web www.planetalanguagesolutions.com (d&#8217;ara endavant, \u201cel lloc web\u201d), d&#8217;acord amb les disposicions del Reglament general de protecci\u00f3 [&hellip;]<\/p>\n","protected":false},"author":5,"featured_media":0,"parent":0,"menu_order":0,"comment_status":"closed","ping_status":"closed","template":"","meta":{"_genesis_hide_title":false,"_genesis_hide_breadcrumbs":false,"_genesis_hide_singular_image":false,"_genesis_hide_footer_widgets":false,"_genesis_custom_body_class":"","_genesis_custom_post_class":"","_genesis_layout":"","footnotes":""},"class_list":{"0":"post-1066","1":"page","2":"type-page","3":"status-publish","5":"entry"},"_links":{"self":[{"href":"https:\/\/planetalanguagesolutions.com\/ca\/wp-json\/wp\/v2\/pages\/1066","targetHints":{"allow":["GET"]}}],"collection":[{"href":"https:\/\/planetalanguagesolutions.com\/ca\/wp-json\/wp\/v2\/pages"}],"about":[{"href":"https:\/\/planetalanguagesolutions.com\/ca\/wp-json\/wp\/v2\/types\/page"}],"author":[{"embeddable":true,"href":"https:\/\/planetalanguagesolutions.com\/ca\/wp-json\/wp\/v2\/users\/5"}],"replies":[{"embeddable":true,"href":"https:\/\/planetalanguagesolutions.com\/ca\/wp-json\/wp\/v2\/comments?post=1066"}],"version-history":[{"count":38,"href":"https:\/\/planetalanguagesolutions.com\/ca\/wp-json\/wp\/v2\/pages\/1066\/revisions"}],"predecessor-version":[{"id":1853,"href":"https:\/\/planetalanguagesolutions.com\/ca\/wp-json\/wp\/v2\/pages\/1066\/revisions\/1853"}],"wp:attachment":[{"href":"https:\/\/planetalanguagesolutions.com\/ca\/wp-json\/wp\/v2\/media?parent=1066"}],"curies":[{"name":"wp","href":"https:\/\/api.w.org\/{rel}","templated":true}]}}