{"id":812,"date":"2022-01-27T21:28:11","date_gmt":"2022-01-27T21:28:11","guid":{"rendered":"https:\/\/planetalanguagesolutions.com\/?page_id=812"},"modified":"2022-05-09T19:28:01","modified_gmt":"2022-05-09T19:28:01","slug":"datenschutz-und-cookies","status":"publish","type":"page","link":"https:\/\/planetalanguagesolutions.com\/de\/datenschutz-und-cookies","title":{"rendered":"Datenschutz und Cookies"},"content":{"rendered":"<h3>Einleitung<\/h3>\n<p>F\u00fcr Planet A Language Solutions (nachstehend \u201ePlanet A\u201c) ist der Schutz der Vertraulichkeit Ihrer Daten eine Priorit\u00e4t. In der vorliegenden Datenschutzerkl\u00e4rung ist erl\u00e4utert, wie und zu welchen Zwecken wir die \u00fcber unsere Website www.planetalanguagesolutions.com (nachstehend \u201edie Website\u201c) zu Ihrer Person gesammelten Daten im Einklang mit den Bestimmungen der europ\u00e4ischen Datenschutz-Grundverordnung (DS-GVO) vom 25. Mai 2018 und dem spanischen Gesetz 3\/2018 vom 5. Dezember 2018 \u00fcber den Schutz personenbezogener Daten und die Gew\u00e4hrleistung digitaler Rechte (LOPDGDD) verwenden.<br \/>\nBitte lesen Sie diese Datenschutzerkl\u00e4rung sorgf\u00e4ltig durch. Mit der Nutzung der Website und der Inanspruchnahme der von uns angebotenen Dienstleistungen erkl\u00e4ren Sie sich mit den Bedingungen dieser Erkl\u00e4rung bez\u00fcglich der \u00fcber die Website erfassten personenbezogenen Daten einverstanden.<br \/>\nDie vorliegende Erkl\u00e4rung gilt nicht f\u00fcr die Datenschutzpraktiken Dritter oder die Inhalte verlinkter Websites, f\u00fcr die wir keine Haftung \u00fcbernehmen. Wir empfehlen Ihnen, die jeweils geltenden Datenschutzerkl\u00e4rungen und Allgemeinen Gesch\u00e4ftsbedingungen dieser Dritten oder Websites zu lesen.<br \/>\nWenn Sie Fragen zur vorliegenden Erkl\u00e4rung haben, wenden Sie sich bitte per E-Mail an info@planetalanguagesolutions.com, und wir werden Ihre Fragen nach bestem Wissen beantworten.<\/p>\n<h3>Datenschutzgrunds\u00e4tze<\/h3>\n<p>Planet A befolgt die oben genannten Datenschutzgesetze, wonach die personenbezogenen Daten, die wir \u00fcber Ihre Person speichern, wie folgt erfasst und verwendet werden m\u00fcssen:<\/p>\n<ul>\n<li>Rechtm\u00e4\u00dfig, redlich und transparent;<\/li>\n<li>Nur f\u00fcr berechtigte Zwecke, die wir Ihnen klar erkl\u00e4rt haben, und nicht in einer Weise, die mit diesen Zwecken unvereinbar ist;<\/li>\n<li>Angemessen, sachdienlich und darauf beschr\u00e4nkt, was im Hinblick auf die Verarbeitungszwecke erforderlich ist;<\/li>\n<li>Wahrheitsgetreu und aktualisiert;<\/li>\n<li>In einer Form, die nur so lange auf Ihre Identit\u00e4t schlie\u00dfen l\u00e4sst, wie es f\u00fcr die genannten Zwecke erforderlich ist;<\/li>\n<li>Sicher.<\/li>\n<\/ul>\n<p>Wir haben geeignete technische, sicherheitsbezogene und organisatorische Ma\u00dfnahmen ergriffen, um die Vertraulichkeit, Integrit\u00e4t und Verf\u00fcgbarkeit der von Ihnen \u00fcber die Website bereitgestellten personenbezogenen Daten zu gew\u00e4hrleisten und zu sch\u00fctzen.<\/p>\n<h3>Erfassung Ihrer personenbezogenen Daten<\/h3>\n<p>Wir erfassen personenbezogene Daten zu Ihrer Person ausschlie\u00dflich \u00fcber unser Kontaktformular.<\/p>\n<h3>Art der erfassten Daten<\/h3>\n<p>Direkt von uns erfasste Daten<\/p>\n<ul>\n<li>Personenbezogene Daten, die Sie wissentlich zur Verf\u00fcgung stellen, wie z. B. Ihren Namen, den Namen Ihres Unternehmens, Ihre E-Mail-Adresse, Ihre Postanschrift, Ihren Standort usw.<\/li>\n<li>Unterlagen, die Sie uns f\u00fcr die Einholung eines Angebots oder die Inanspruchnahme einer Dienstleistung zur Verf\u00fcgung stellen. Inhalte zu diesem Zweck \u00fcber das Kontaktformular versendeter Dateien werden so lange gespeichert, bis sie nicht mehr ben\u00f6tigt werden.<\/li>\n<\/ul>\n<p>Automatisch erfasste Daten<br \/>\nBestimmte Daten werden bei Ihrem Besuch der Website automatisch \u00fcbermittelt. Zu diesen Daten geh\u00f6ren:<\/p>\n<ul>\n<li>Die aufgerufene URL (Uniform Resource Locator);<\/li>\n<li>Die IP-Adresse (\u00fcber die ein bestimmter Computer identifiziert werden kann, aber nicht muss);<\/li>\n<li>Der Domain-Name, von dem aus Sie auf das Internet zugreifen;<\/li>\n<li>Die verweisende URL;<\/li>\n<li>Die Software (Browser\/Betriebssystem), die f\u00fcr den Zugriff auf die Seite verwendet wird;<\/li>\n<\/ul>\n<h3>Zweck der Nutzung Ihrer personenbezogenen Daten<\/h3>\n<ul>\n<li>Beantwortung Ihrer Anfragen;<\/li>\n<li>Versenden von Angeboten oder Dienstleistungen;<\/li>\n<li>Erf\u00fcllung einer rechtlichen Verpflichtung;<\/li>\n<li>Dauerhafte Sicherung unserer Website.<\/li>\n<\/ul>\n<h3>Zugriff von Dritten<\/h3>\n<p>Alle Daten werden auf passwortgesch\u00fctzten Rechnern verarbeitet und sind f\u00fcr Dritte nicht zug\u00e4nglich. Wir verwenden Ihre pers\u00f6nlichen Daten nicht f\u00fcr Marketingzwecke und geben sie auch nicht an Dritte weiter. Allerdings wird, wie bei allen Websites, Ihre IP-Adresse aufgezeichnet, wenn Sie die Website besuchen. Ihre IP-Adresse kann Aufschluss \u00fcber die Stadt oder das Land geben, in dem sich Ihr Unternehmen oder Ihr Ger\u00e4t befindet. Die Seite, von der aus Sie auf die Website \u201everwiesen\u201c wurden (z. B. www.google.com), kann ebenfalls aufgezeichnet werden. Diese Daten werden ausschlie\u00dflich f\u00fcr die Verwaltung der Website verwendet. Sie sind f\u00fcr das Hosting-Unternehmen von Planet A zug\u00e4nglich, werden aber nicht an andere Dritte weitergegeben.<\/p>\n<h3>Aus\u00fcbung von Rechten<\/h3>\n<p>Gem\u00e4\u00df den oben genannten Gesetzen \u00fcber den Schutz personenbezogener Daten haben Sie als Einzelperson folgende Rechte, die Sie jederzeit geltend machen k\u00f6nnen:<\/p>\n<ul>\n<li>Zugriffsrecht \u2013 Sie haben das Recht, eine Best\u00e4tigung dar\u00fcber zu erhalten, dass Ihre Daten verarbeitet werden, sowie das Recht auf Zugriff auf Ihre personenbezogenen Daten.<\/li>\n<li>Recht auf Berichtigung \u2013 Sie haben das Recht, unrichtige personenbezogene Daten zu berichtigen oder zu erg\u00e4nzen, wenn diese unvollst\u00e4ndig sind.<\/li>\n<li>Recht auf L\u00f6schung \u2013 Sie haben das Recht, dass alle Ihre Daten gel\u00f6scht werden, auch bekannt als das \u201eRecht auf Vergessenwerden\u201c.<\/li>\n<li>Recht auf Einschr\u00e4nkung der Verarbeitung \u2013 Sie haben das Recht, die Einschr\u00e4nkung der Verarbeitung Ihrer personenbezogenen Daten zu verlangen. Dies ist kein uneingeschr\u00e4nktes Recht und gilt nur unter bestimmten Umst\u00e4nden.<\/li>\n<li>Recht auf Daten\u00fcbertragbarkeit \u2013 Sie haben das Recht, Ihre personenbezogenen Daten f\u00fcr jeden beliebigen Zweck \u00fcber verschiedene Dienste hinweg einzuholen und wiederzuverwenden.<\/li>\n<li>Widerspruchsrecht \u2013 Sie haben das Recht, unter bestimmten Umst\u00e4nden Widerspruch gegen die Verarbeitung einzulegen. Die Verarbeitung muss eingestellt werden, es sei denn, es liegen berechtigte Gr\u00fcnde vor, die Ihre Rechte, Interessen oder Freiheiten \u00fcberwiegen, oder die Verarbeitung wird im Zusammenhang mit einem Rechtsanspruch durchgef\u00fchrt.<\/li>\n<li>Auskunftsrecht \u2013 Sie haben das Recht zu erfahren, warum wir Ihre personenbezogenen Daten verarbeiten m\u00fcssen, wie wir sie nutzen, an wen wir sie weitergeben k\u00f6nnen, und wie wir Ihre Daten sch\u00fctzen.<\/li>\n<li>\u2022 Rechte bez\u00fcglich automatisierter Entscheidungsfindung und Profiling \u2013 Sie haben das Recht, keiner Entscheidung unterworfen zu werden, die ausschlie\u00dflich auf automatisierter Verarbeitung beruht.<\/li>\n<li>Man spricht von automatisierter Verarbeitung, wenn sie ohne menschliches Eingreifen erfolgt und rechtliche Auswirkungen hat oder Sie in erheblichem Ma\u00dfe beeintr\u00e4chtigt. Zur automatisierten Verarbeitung geh\u00f6rt unter anderem das Profiling.<\/li>\n<\/ul>\n<p>Um jegliches dieser Rechte geltend zu machen, senden Sie bitte eine E-Mail an <a href=\"mailto:info@planetalanguagesolutions.com\" target=\"_blank\" rel=\"noopener\">info@planetalanguagesolutions.com<\/a>.<\/p>\n<h3>\u00c4nderungen an unserer Datenschutzerkl\u00e4rung<\/h3>\n<p>Wir werden diese Datenschutzerkl\u00e4rung \u00e4ndern, um sicherzustellen, dass sie mit etwaigen \u00c4nderungen in der Datenschutzgesetzgebung \u00fcbereinstimmt, oder um auf \u00c4nderungen dar\u00fcber hinzuweisen, wie wir Ihre pers\u00f6nlichen Daten verwenden. Die Datenschutzerkl\u00e4rung auf unserer Website entspricht stets unseren aktuellen und ma\u00dfgeblichen Richtlinien und Verfahren.<\/p>\n<h2>Cookie-Richtlinie<\/h2>\n<p>Cookies sind kleine Textdateien, die bei Ihrem Besuch von Websites auf Ihrem Computer, Smartphone oder Tablet abgelegt werden. Sie werden verwendet, um Ihren Computer gegen\u00fcber dem Server einer Website zu identifizieren, und tragen dazu bei, die Website bei Ihrer aktuellen Browser-Sitzung oder bei k\u00fcnftigen Besuchen der Website auf Ihre Nutzung abzustimmen. Dar\u00fcber hinaus verbessern sie die Funktionalit\u00e4t der Website, indem sie Ihnen beispielsweise das effiziente Abrufen der einzelnen Seiten erm\u00f6glichen.<br \/>\nEinige Cookies, sogenannte Sitzungs-Cookies, werden nur f\u00fcr die Dauer Ihres Besuchs erstellt und beim Verlassen der Website wieder gel\u00f6scht. Andere Cookies (permanente Cookies) verbleiben f\u00fcr einen im Cookie festgeschriebenen Zeitraum auf Ihrem Ger\u00e4t. Diese permanenten Cookies werden bei jedem Besuch der Website, \u00fcber die das betreffende Cookie erstellt wurde, neu aktiviert, damit sich die Website bei Ihrer R\u00fcckkehr an Sie erinnern und f\u00fcr Ihre Nutzung personalisiert werden kann.<\/p>\n<h3>Auf dieser Website verwendete Cookies<\/h3>\n<p>Auf dieser Website werden nur die unbedingt notwendigen Cookies eingesetzt, um die grundlegenden Funktionen, wie Sicherheit, Netzwerkmanagement und Zugang, zu gew\u00e4hrleisten. \u00dcber diese Cookies werden keine Daten \u00fcber Sie erfasst, die f\u00fcr Marketingzwecke verwendet werden oder dazu dienen k\u00f6nnten, Ihr Navigationsverhalten im Internet nachzuverfolgen. Mit der Nutzung unserer Website erkl\u00e4ren Sie sich mit der Verwendung dieser Cookies einverstanden.<br \/>\nSie k\u00f6nnen Cookies \u00fcber die Einstellungen Ihres Browsers sperren. Allerdings kann die Sperrung aller Cookies (auch der unbedingt notwendigen Cookies) Ihre Nutzererfahrung beeintr\u00e4chtigen.<br \/>\nN\u00e4here Informationen zu Cookies finden Sie unter https:\/\/www.allaboutcookies.org\/ge\/.<\/p>\n<h3>\u00c4nderung Ihrer Cookies-Einstellungen<\/h3>\n<p>In den meisten Browsern haben Sie die M\u00f6glichkeit, Ihre Cookie-Einstellungen zu \u00e4ndern. Diese Einstellungen finden Sie in der Regel unter dem Men\u00fcpunkt \u201eOptionen\u201c oder \u201eEinstellungen\u201c Ihres Internet-Browsers. Sie sollten sich jedoch dar\u00fcber im Klaren sein, dass durch die Sperrung von Cookies Ihre Nutzung dieser Website eingeschr\u00e4nkt werden kann.<br \/>\nAuf den folgenden Seiten erfahren Sie mehr dar\u00fcber, wie Sie Cookies in Ihrem jeweiligen Browser verwalten k\u00f6nnen:<\/p>\n<ul>\n<li><a href=\"https:\/\/support.apple.com\/de-ch\/guide\/safari\/sfri11471\/mac\" target=\"_blank\" rel=\"noopener\">Apple Safari<\/a><\/li>\n<li><a href=\"https:\/\/support.google.com\/chrome\/answer\/95647?hl\" target=\"_blank\" rel=\"noopener\">Google Chrome<\/a><\/li>\n<li><a href=\"https:\/\/support.microsoft.com\/de-de\/microsoft-edge\/cookies-in-microsoft-edge-l%C3%B6schen-63947406-40ac-c3b8-57b9-2a946a29ae09\" target=\"_blank\" rel=\"noopener\">Microsoft Edge<\/a><\/li>\n<li><a href=\"https:\/\/support.microsoft.com\/de-de\/topic\/l%C3%B6schen-von-cookiedateien-in-internet-explorer-bca9446f-d873-78de-77ba-d42645fa52fc\" target=\"_blank\" rel=\"noopener\">Microsoft Internet Explorer<\/a><\/li>\n<li><a href=\"https:\/\/support.mozilla.org\/de\/kb\/cookies-informationen-websites-auf-ihrem-computer\" target=\"_blank\" rel=\"noopener\">Mozilla Firefox<\/a><\/li>\n<\/ul>\n<h3>Dritte Websites<\/h3>\n<p>Diese Cookie-Richtlinie gilt nicht f\u00fcr die Datenschutzpraktiken von Websites Dritter, die mit dieser Website verlinkt oder \u00fcber diese Website zug\u00e4nglich sind, und wir \u00fcbernehmen in diesem Zusammenhang keine Haftung.<\/p>\n<h3>\u00c4nderungen<\/h3>\n<p>Wir behalten uns vor, diese Cookie-Richtlinie jederzeit zu aktualisieren, um Sie \u00fcber die Verwendung von Cookies auf unserer Website umfassend zu informieren. Wir empfehlen Ihnen, diese Cookie-Richtlinie bei jedem Besuch unserer Website nachzulesen, um zu pr\u00fcfen, ob sich unsere Cookie-Nutzung ge\u00e4ndert hat.<br \/>\n<em>Zuletzt aktualisiert am: 07.01.2022<\/em><\/p>\n","protected":false},"excerpt":{"rendered":"<p>Einleitung F\u00fcr Planet A Language Solutions (nachstehend \u201ePlanet A\u201c) ist der Schutz der Vertraulichkeit Ihrer Daten eine Priorit\u00e4t. In der vorliegenden Datenschutzerkl\u00e4rung ist erl\u00e4utert, wie und zu welchen Zwecken wir die \u00fcber unsere Website www.planetalanguagesolutions.com (nachstehend \u201edie Website\u201c) zu Ihrer Person gesammelten Daten im Einklang mit den Bestimmungen der europ\u00e4ischen Datenschutz-Grundverordnung (DS-GVO) vom 25. Mai [&hellip;]<\/p>\n","protected":false},"author":5,"featured_media":0,"parent":0,"menu_order":0,"comment_status":"closed","ping_status":"closed","template":"","meta":{"_genesis_hide_title":false,"_genesis_hide_breadcrumbs":false,"_genesis_hide_singular_image":false,"_genesis_hide_footer_widgets":false,"_genesis_custom_body_class":"","_genesis_custom_post_class":"","_genesis_layout":"","footnotes":""},"class_list":{"0":"post-812","1":"page","2":"type-page","3":"status-publish","5":"entry"},"_links":{"self":[{"href":"https:\/\/planetalanguagesolutions.com\/de\/wp-json\/wp\/v2\/pages\/812","targetHints":{"allow":["GET"]}}],"collection":[{"href":"https:\/\/planetalanguagesolutions.com\/de\/wp-json\/wp\/v2\/pages"}],"about":[{"href":"https:\/\/planetalanguagesolutions.com\/de\/wp-json\/wp\/v2\/types\/page"}],"author":[{"embeddable":true,"href":"https:\/\/planetalanguagesolutions.com\/de\/wp-json\/wp\/v2\/users\/5"}],"replies":[{"embeddable":true,"href":"https:\/\/planetalanguagesolutions.com\/de\/wp-json\/wp\/v2\/comments?post=812"}],"version-history":[{"count":8,"href":"https:\/\/planetalanguagesolutions.com\/de\/wp-json\/wp\/v2\/pages\/812\/revisions"}],"predecessor-version":[{"id":866,"href":"https:\/\/planetalanguagesolutions.com\/de\/wp-json\/wp\/v2\/pages\/812\/revisions\/866"}],"wp:attachment":[{"href":"https:\/\/planetalanguagesolutions.com\/de\/wp-json\/wp\/v2\/media?parent=812"}],"curies":[{"name":"wp","href":"https:\/\/api.w.org\/{rel}","templated":true}]}}