{"id":814,"date":"2022-01-27T21:35:35","date_gmt":"2022-01-27T21:35:35","guid":{"rendered":"https:\/\/planetalanguagesolutions.com\/?page_id=814"},"modified":"2022-02-05T11:06:29","modified_gmt":"2022-02-05T11:06:29","slug":"agb","status":"publish","type":"page","link":"https:\/\/planetalanguagesolutions.com\/de\/agb","title":{"rendered":"Allgemeine Gesch\u00e4ftsbedingungen f\u00fcr Sprachdienstleistungen"},"content":{"rendered":"<h3>1.\u00a0 Geltungsbereich<\/h3>\n<p>1.1.\u00a0\u00a0 Diese Allgemeinen Gesch\u00e4ftsbedingungen (nachstehend AGB) gelten f\u00fcr s\u00e4mtliche Rechtsgesch\u00e4fte zwischen dem Sprachdienstleister Planet A Language Solutions (nachstehend Planet A) und dem Auftraggeber, sofern nicht etwas anderes ausdr\u00fccklich vereinbart oder gesetzlich vorgeschrieben ist.<\/p>\n<p>1.2.\u00a0\u00a0 Allgemeine Gesch\u00e4ftsbedingungen des Auftraggebers sind f\u00fcr Planet A nur verbindlich, wenn sie von Planet A ausdr\u00fccklich anerkannt werden.<\/p>\n<p>1.3.\u00a0\u00a0 Diese AGB gelten auch f\u00fcr alle k\u00fcnftigen Vertragsbeziehungen, auch dann, wenn bei Zusatzvertr\u00e4gen darauf nicht ausdr\u00fccklich hingewiesen wird.<\/p>\n<h3>2.\u00a0 Umfang der Sprachdienstleistung<\/h3>\n<p>2.1.\u00a0\u00a0 Planet A erbringt gegen\u00fcber dem Auftraggeber die auf der Website von Planet A angebotenen Dienstleistungen sowie die Planung und Durchf\u00fchrung der jeweils zugeh\u00f6rigen Zusatzdienstleistungen im Rahmen des Projektmanagements.<\/p>\n<p>2.2.\u00a0\u00a0 Planet A erledigt alle T\u00e4tigkeiten im Rahmen der Auftragsausf\u00fchrung nach bestem Wissen und nach den Grunds\u00e4tzen der ordnungsgem\u00e4\u00dfen Berufsaus\u00fcbung.<\/p>\n<h3>3.\u00a0 Preise<\/h3>\n<p>3.1.\u00a0\u00a0 Die f\u00fcr die jeweiligen Sprachdienstleistungen in Rechnung gestellten Preise beruhen auf den Wort- oder Stundentarifen von Planet A oder werden als Pauschalbetrag angeboten und entsprechen dem schriftlich vereinbarten und vom Auftraggeber unterzeichneten Angebot.<\/p>\n<p>3.2.\u00a0\u00a0 Alle Preise verstehen sich netto und ggf. zuz\u00fcglich der gesetzlichen Mehrwertsteuer.<\/p>\n<h3>4.\u00a0 Mitwirkungs- und Aufkl\u00e4rungspflicht des Auftraggebers<\/h3>\n<p>4.1.\u00a0\u00a0 Der Auftraggeber unterrichtet Planet A vor der Auftragserteilung \u00fcber die projektspezifischen Vorgaben (Zielgruppe, Verwendungszweck, Ansprechpartner\/innen f\u00fcr R\u00fcckfragen, Lieferung auf Datentr\u00e4gern, Anzahl der Ausfertigungen, \u00e4u\u00dfere Form der Dokumente etc.).<\/p>\n<p>4.2.\u00a0\u00a0 Ist das Dienstleistungsprodukt f\u00fcr den Druck bestimmt, \u00fcberl\u00e4sst der Auftraggeber Planet A rechtzeitig vor der Drucklegung einen Korrekturabzug, damit Planet A eventuelle Fehler beseitigen kann. Namen und Zahlen sind vom Auftraggeber zu pr\u00fcfen.<\/p>\n<p>4.3.\u00a0\u00a0 Sp\u00e4testens bei Erteilung des Auftrags stellt der Auftraggeber Planet A zur Auftragsausf\u00fchrung hilfreiche Informationen und Unterlagen zur Verf\u00fcgung (bereits bestehende \u00dcbersetzungen, Glossare, Erl\u00e4uterungen von Abk\u00fcrzungen, Anschauungs- und Schulungsmaterial sowie relevante Publikationen, Internetseiten, Paralleltexte und Hintergrundtexte etc.).<\/p>\n<p>4.4.\u00a0\u00a0 Fehler und Verz\u00f6gerungen, die sich aus der mangelnden oder verz\u00f6gerten Bereitstellung von Informationsmaterial und Anweisungen ergeben, gehen nicht zu Lasten von Planet A.<\/p>\n<h3>5.\u00a0 Zahlung<\/h3>\n<p>5.1.\u00a0\u00a0 Die Rechnungen von Planet A sind innerhalb von 30 Tagen nach Rechnungsdatum f\u00e4llig und ohne Abzug zahlbar. Die Zahlung hat, sofern nicht anderweitig vereinbart, per Bank\u00fcberweisung auf das von Planet A genannte Konto zu erfolgen.<\/p>\n<p>5.2.\u00a0\u00a0 Planet A kann bei umfangreichen Texten einen angemessenen Vorschuss verlangen, der mit dem Auftraggeber im Voraus vereinbart wird.<\/p>\n<p>5.3.\u00a0\u00a0 Wurde zwischen dem Auftraggeber und Planet A eine Teilzahlung vereinbart, ist Planet A bei Zahlungsverzug des Auftraggebers berechtigt, die Arbeit an gegenw\u00e4rtigen Auftr\u00e4gen f\u00fcr diesen Auftraggeber ohne Rechtsfolgen f\u00fcr Planet A so lange einzustellen, bis der Auftraggeber seinen Zahlungsverpflichtungen nachkommt. Allerdings setzt Planet A den Auftraggeber umgehend \u00fcber die Einstellung der Arbeit in Kenntnis.<\/p>\n<p>5.4.\u00a0\u00a0 Bei Zahlungsverzug werden Verzugszinsen in gesetzlich festgelegter H\u00f6he in Anrechnung gebracht.<\/p>\n<h3>6.\u00a0 Lieferung<\/h3>\n<p>6.1.\u00a0\u00a0 Der Liefertermin wird zwischen Planet A und dem Auftraggeber vereinbart und bildet einen wesentlichen Vertragsbestandteil des von Planet A angenommenen Auftrags. Sollte der Liefertermin nicht eingehalten werden k\u00f6nnen, hat Planet A den Auftraggeber umgehend zu informieren und bekannt zu geben, bis zu welchem Termin die Dienstleistung erbracht wird.<\/p>\n<p>6.2.\u00a0\u00a0 Erf\u00fcllt der Auftraggeber seine Verpflichtung zur Bereitstellung von Unterlagen oder zur Leistung einer Voraus- und\/oder Teilzahlung nicht rechtzeitig, verl\u00e4ngert sich die Lieferfrist entsprechend um den Zeitraum, um den Planet A die erforderlichen Unterlagen zu sp\u00e4t zur Verf\u00fcgung gestellt wurden bzw. die Zahlung zu sp\u00e4t eingegangen ist.<\/p>\n<p>6.3.\u00a0\u00a0 Die Lieferung des Dienstleistungsprodukts erfolgt auf Gefahr des Auftraggebers und f\u00fcr gew\u00f6hnlich in elektronischer Form in einfacher Ausfertigung. Planet A haftet nicht f\u00fcr die Besch\u00e4digung oder den Verlust des Dienstleistungsprodukts im Rahmen der elektronischen \u00dcbermittlung.<\/p>\n<p>6.4.\u00a0\u00a0 Sofern nicht anderweitig vereinbart, verbleiben die vom Auftraggeber Planet A zur Verf\u00fcgung gestellten Unterlagen nach Abschluss des Auftrags bei Planet A. Planet A hat daf\u00fcr zu sorgen, dass diese Unterlagen sorgsam verwahrt werden, sodass Unbefugte keinen Zugang dazu haben, die Geheimhaltungspflicht nicht verletzt wird und die Unterlagen nicht vertragswidrig verwendet werden k\u00f6nnen.<\/p>\n<p>6.5.\u00a0\u00a0 Eine Lieferung gilt als erfolgt, wenn das Dienstleistungsprodukt nachweislich an den Auftraggeber abgeschickt wurde (im Postausgang registriert ist). Auf Wunsch kann das Dienstleistungsprodukt als CD oder Ausdruck zugesandt werden. Der Versand auf dem Postweg wird gesondert in Rechnung gestellt.<\/p>\n<h3>7.\u00a0 H\u00f6here Gewalt<\/h3>\n<p>7.1.\u00a0\u00a0 Im Falle des Eintritts h\u00f6herer Gewalt haben die Parteien, soweit m\u00f6glich, unverz\u00fcglich einander davon zu benachrichtigen. H\u00f6here Gewalt berechtigt sowohl den Auftraggeber als auch Planet A, vom Auftrag zur\u00fcckzutreten. Planet A hat in diesem Fall Anspruch auf bereits get\u00e4tigte Aufwendungen und ein angemessenes Honorar f\u00fcr die bereits erbrachten Leistungen.<\/p>\n<h3>8.\u00a0 M\u00e4ngel<\/h3>\n<p>8.1.\u00a0\u00a0 Die fachliche und sprachliche Richtigkeit des Ausgangstextes f\u00e4llt ausschlie\u00dflich in die Verantwortlichkeit des Auftraggebers.<\/p>\n<p>8.2.\u00a0\u00a0 Planet A beh\u00e4lt sich das Recht auf M\u00e4ngelbeseitigung vor. Der Auftraggeber hat zun\u00e4chst nur Anspruch auf die Beseitigung von m\u00f6glichen im Dienstleistungsprodukt enthaltenen M\u00e4ngeln.<\/p>\n<p>8.3.\u00a0\u00a0 Der Anspruch auf M\u00e4ngelbeseitigung ist innerhalb von zwei Wochen nach Erbringung der Sprachdienstleistung geltend zu machen. M\u00e4ngel m\u00fcssen vom Auftraggeber in hinreichender Form schriftlich erl\u00e4utert und nachgewiesen werden.<\/p>\n<p>8.4.\u00a0\u00a0 M\u00e4ngel, die auf schlecht lesbaren, fehlerhaften oder unvollst\u00e4ndigen Textvorlagen oder nicht vorhandenen Textzusammenh\u00e4ngen beruhen, fallen nicht in den Verantwortungsbereich von Planet A.<\/p>\n<p>8.5.\u00a0\u00a0 Stilistische Verbesserungen und Abstimmungen von spezifischer Terminologie (insbesondere von branchen- bzw. firmeneigenen Fachausdr\u00fccken) gelten nicht als M\u00e4ngel und sind von jeder Haftung ausgeschlossen.<\/p>\n<p>8.6.\u00a0\u00a0 Zur M\u00e4ngelbeseitigung gew\u00e4hrt der Auftraggeber Planet A eine angemessene Frist und Gelegenheit zur Verbesserung seines Dienstleistungsprodukts. Verweigert er diese, ist Planet A von der M\u00e4ngelhaftung befreit. Werden die M\u00e4ngel innerhalb der angemessenen Frist von Planet A behoben, hat der Auftraggeber keinen Anspruch auf Preisminderung.<\/p>\n<p>8.7.\u00a0\u00a0 Wenn Planet A die angemessene Nachfrist verstreichen l\u00e4sst, ohne die M\u00e4ngel zu beseitigen, kann der Auftraggeber eine Herabsetzung der Verg\u00fctung (Preisminderung) verlangen. Bei unwesentlichen M\u00e4ngeln besteht weder ein R\u00fccktritts- noch ein Minderungsrecht.<\/p>\n<p>8.8.\u00a0\u00a0 Anspr\u00fcche des Auftraggebers gegen Planet A aufgrund von M\u00e4ngeln der erbrachten Dienstleistung verj\u00e4hren, sofern nicht Arglist vorliegt, ein Jahr nach der Abnahme des Dienstleistungsprodukts.<\/p>\n<h3>9.\u00a0 Haftung<\/h3>\n<p>9.1.\u00a0\u00a0 Planet A haftet nur bei grober Fahrl\u00e4ssigkeit und Vorsatz. Nicht als grobe Fahrl\u00e4ssigkeit einzustufen sind Sch\u00e4den, die durch Computerausf\u00e4lle und \u00dcbertragungsst\u00f6rungen bei E-Mail-Versendung oder durch Viren verursacht worden sind. Planet A trifft durch Anti-Virus-Software hiergegen Vorkehrungen.<\/p>\n<p>9.2.\u00a0\u00a0 Die Haftung bei leichter Fahrl\u00e4ssigkeit gilt ausschlie\u00dflich im Falle der Verletzung der wesentlichen Vertragspflichten, ist hierbei jedoch auf den typischerweise voraussehbaren Schaden begrenzt.<\/p>\n<p>9.3.\u00a0\u00a0 Schadenersatzanspr\u00fcche gegen Planet A sind, sofern nicht anderweitig gesetzlich vorgeschrieben, auf die H\u00f6he des Rechnungsbetrages begrenzt und innerhalb von sechs Monaten ab Kenntnis des Schadens, sp\u00e4testens aber 12 Monate nach Beendigung des jeweiligen Dienstleistungsvertrages geltend zu machen. Der Auftraggeber hat den Beweis zu erbringen, dass der Schaden auf ein Verschulden von Planet A zur\u00fcckzuf\u00fchren ist.<\/p>\n<p>9.4.\u00a0\u00a0 Der Auftraggeber darf das Dienstleistungsprodukt nur zu dem von ihm angegebenen Zweck verwenden. Andernfalls besteht keine Haftung von Planet A.<\/p>\n<h3>10.\u00a0 Geheimhaltung und Datenverarbeitung<\/h3>\n<p>10.1.\u00a0 \u00a0Planet A verpflichtet sich zur Verschwiegenheit \u00fcber alle ihm zur Kenntnis gelangenden gesch\u00e4ftlichen Angelegenheiten des Auftraggebers, insbesondere \u00fcber Gesch\u00e4fts- und Betriebsgeheimnisse.<\/p>\n<p>10.2.\u00a0 \u00a0Jegliche Datenverarbeitung erfolgt gem\u00e4\u00df der Datenschutz-Grundverordnung. Der Auftraggeber stimmt der Verarbeitung der personenbezogenen Daten durch Planet A ausdr\u00fccklich zu. Zu steuer-, unternehmens- und vertragsrechtlichen Zwecken k\u00f6nnen von Planet A personenbezogene Daten verarbeitet und auch nach dem Ende des Vertragsverh\u00e4ltnisses gespeichert werden, solange diese Speicherung oder Verarbeitung zur Erf\u00fcllung von vertraglichen oder gesetzlichen Pflichten n\u00f6tig ist. Nach Ablauf dieser Frist werden die Daten gel\u00f6scht.<\/p>\n<p>10.3.\u00a0 \u00a0Der Auftraggeber hat gem\u00e4\u00df den Bestimmungen der DSGVO folgende Rechte: Auskunftsrecht, Recht auf Berichtigung, L\u00f6schung oder Einschr\u00e4nkung der Verarbeitung ihrer personenbezogenen Daten sowie Beschwerderecht bei der zust\u00e4ndigen Datenschutzbeh\u00f6rde. Zur Aus\u00fcbung Ihrer Rechte wenden Sie sich bitte an die Verantwortlichen Lisa McCarthy und Katrin Nell per E-Mail an <a href=\"mailto:info@planetalanguagesolutions.com\">info@planetalanguagesolutions.com<\/a>.<\/p>\n<h3>11.\u00a0 Mitwirkung Dritter<\/h3>\n<p>11.1.\u00a0 \u00a0Planet A ist berechtigt, zur Ausf\u00fchrung des Auftrags fachkundige Dritte heranzuziehen.<\/p>\n<p>11.2.\u00a0 \u00a0Bei Heranziehung von fachkundigen Dritten hat Planet A daf\u00fcr zu sorgen, dass sich diese zur Verschwiegenheit entsprechend Punkt 10.1. verpflichten.<\/p>\n<h3>12.\u00a0 Eigentumsvorbehalt<\/h3>\n<p>12.1.\u00a0 \u00a0Das Dienstleistungsprodukt bleibt bis zur vollst\u00e4ndigen Bezahlung aller aus dem Vertrag erwachsenen Verbindlichkeiten Eigentum von Planet A. Bis dahin hat der Auftraggeber kein Nutzungsrecht.<\/p>\n<p>12.2.\u00a0 \u00a0lm Zuge eines oder mehrerer Auftr\u00e4ge von Planet A angelegte Translation Memorys oder Terminologiedatenbanken sind, sofern nicht anders vereinbart, Eigentum von Planet A. Sollte der Auftraggeber eine \u00dcbergabe w\u00fcnschen, ist dies ein Zusatzauftrag, der entsprechend zu verg\u00fcten ist.<\/p>\n<p>12.3.\u00a0 \u00a0Vom Auftraggeber zur Verf\u00fcgung gestellte Translation Memorys und Terminologiedatenbanken bleiben, sofern nicht anders vereinbart, weiterhin Eigentum des Auftraggebers.<\/p>\n<h3>13.\u00a0 Urheberrecht<\/h3>\n<p>13.1.\u00a0 \u00a0Planet A ist nicht verpflichtet zu pr\u00fcfen, ob dem Auftraggeber das Recht zusteht, die Ausgangstexte \u00fcbersetzen oder anderweitig bearbeiten zu lassen. Der Auftraggeber sichert ausdr\u00fccklich zu, dass er \u00fcber alle Rechte verf\u00fcgt, die f\u00fcr die Ausf\u00fchrung des Auftrags erforderlich sind.<\/p>\n<p>13.2.\u00a0 \u00a0Der Name eines Sprachdienstleisters darf nur dann einem ver\u00f6ffentlichten Text bzw. Textteil beigef\u00fcgt werden, wenn das gesamte Dienstleistungsprodukt unver\u00e4ndert von diesem stammt.<\/p>\n<p>13.3.\u00a0 \u00a0Der Auftraggeber ist verpflichtet, Planet A gegen\u00fcber allen Anspr\u00fcchen, die von Dritten aus Verletzungen von Urheberrechten, gewerblichen Schutzrechten oder Pers\u00f6nlichkeitsschutzrechten erhoben werden, schad- und klaglos zu halten. Dies gilt auch dann, wenn der Auftraggeber keinen Verwendungszweck angegeben hat bzw. das Dienstleistungsprodukt zu anderen als den angegebenen Zwecken verwendet wird.<\/p>\n<h3>14.\u00a0 R\u00fccktrittsrecht<\/h3>\n<p>14.1.\u00a0 \u00a0Der Auftraggeber verzichtet ausdr\u00fccklich auf sein R\u00fccktrittsrecht in dem Fall, dass Planet A mit der Auftragsausf\u00fchrung bereits begonnen und den Auftraggeber dar\u00fcber verst\u00e4ndigt hat.<\/p>\n<h3>15.\u00a0 Salvatorische Klausel<\/h3>\n<p>15.1.\u00a0 \u00a0Die Wirksamkeit dieser AGB wird durch die Nichtigkeit oder Unwirksamkeit einzelner Bestimmungen nicht ber\u00fchrt.<\/p>\n<p>15.2.\u00a0 \u00a0Die unwirksame Bestimmung ist durch eine g\u00fcltige zu ersetzen, die dem angestrebten Zweck bzw. Ergebnis m\u00f6glichst nahe kommt.<\/p>\n<h3>16.\u00a0 \u00c4nderungen und Erg\u00e4nzungen<\/h3>\n<p>16.1.\u00a0 \u00a0Planet A beh\u00e4lt sich das Recht vor, diese AGB jederzeit zu \u00e4ndern oder zu erg\u00e4nzen. Ma\u00dfgeblich ist jeweils die zum Zeitpunkt des Vertragsabschlusses g\u00fcltige Fassung.<\/p>\n<p>16.2.\u00a0 \u00a0S\u00e4mtliche \u00c4nderungen und Erg\u00e4nzungen dieser AGB und sonstige Vereinbarungen zwischen dem Auftraggeber und Planet A bed\u00fcrfen der Schriftform.<\/p>\n<h3>17.\u00a0 Anwendbares Recht und Gerichtsstand<\/h3>\n<p>17.1.\u00a0 \u00a0Erf\u00fcllungsort f\u00fcr alle Vertragsverh\u00e4ltnisse, die diesen AGB unterliegen, ist der Gesch\u00e4ftssitz von Planet A.<\/p>\n<p>17.2.\u00a0 \u00a0Zur Entscheidung aller aus diesem Vertragsverh\u00e4ltnis entstehenden Rechtsstreitigkeiten sind die gerichtlichen Instanzen in Barcelona zust\u00e4ndig.<\/p>\n<p>17.3.\u00a0 \u00a0F\u00fcr den Auftrag und alle sich daraus ergebenden Anspr\u00fcche gilt spanisches Recht.<\/p>\n","protected":false},"excerpt":{"rendered":"<p>1.\u00a0 Geltungsbereich 1.1.\u00a0\u00a0 Diese Allgemeinen Gesch\u00e4ftsbedingungen (nachstehend AGB) gelten f\u00fcr s\u00e4mtliche Rechtsgesch\u00e4fte zwischen dem Sprachdienstleister Planet A Language Solutions (nachstehend Planet A) und dem Auftraggeber, sofern nicht etwas anderes ausdr\u00fccklich vereinbart oder gesetzlich vorgeschrieben ist. 1.2.\u00a0\u00a0 Allgemeine Gesch\u00e4ftsbedingungen des Auftraggebers sind f\u00fcr Planet A nur verbindlich, wenn sie von Planet A ausdr\u00fccklich anerkannt werden. 1.3.\u00a0\u00a0 [&hellip;]<\/p>\n","protected":false},"author":5,"featured_media":0,"parent":0,"menu_order":0,"comment_status":"closed","ping_status":"closed","template":"","meta":{"_genesis_hide_title":false,"_genesis_hide_breadcrumbs":false,"_genesis_hide_singular_image":false,"_genesis_hide_footer_widgets":false,"_genesis_custom_body_class":"","_genesis_custom_post_class":"","_genesis_layout":"","footnotes":""},"class_list":{"0":"post-814","1":"page","2":"type-page","3":"status-publish","5":"entry"},"_links":{"self":[{"href":"https:\/\/planetalanguagesolutions.com\/de\/wp-json\/wp\/v2\/pages\/814","targetHints":{"allow":["GET"]}}],"collection":[{"href":"https:\/\/planetalanguagesolutions.com\/de\/wp-json\/wp\/v2\/pages"}],"about":[{"href":"https:\/\/planetalanguagesolutions.com\/de\/wp-json\/wp\/v2\/types\/page"}],"author":[{"embeddable":true,"href":"https:\/\/planetalanguagesolutions.com\/de\/wp-json\/wp\/v2\/users\/5"}],"replies":[{"embeddable":true,"href":"https:\/\/planetalanguagesolutions.com\/de\/wp-json\/wp\/v2\/comments?post=814"}],"version-history":[{"count":6,"href":"https:\/\/planetalanguagesolutions.com\/de\/wp-json\/wp\/v2\/pages\/814\/revisions"}],"predecessor-version":[{"id":865,"href":"https:\/\/planetalanguagesolutions.com\/de\/wp-json\/wp\/v2\/pages\/814\/revisions\/865"}],"wp:attachment":[{"href":"https:\/\/planetalanguagesolutions.com\/de\/wp-json\/wp\/v2\/media?parent=814"}],"curies":[{"name":"wp","href":"https:\/\/api.w.org\/{rel}","templated":true}]}}