{"id":1053,"date":"2022-02-23T21:41:51","date_gmt":"2022-02-23T21:41:51","guid":{"rendered":"https:\/\/planetalanguagesolutions.com\/?page_id=1053"},"modified":"2022-05-09T19:28:23","modified_gmt":"2022-05-09T19:28:23","slug":"politica-de-privacidad","status":"publish","type":"page","link":"https:\/\/planetalanguagesolutions.com\/es\/politica-de-privacidad","title":{"rendered":"Pol\u00edtica de privacidad y cookies"},"content":{"rendered":"<h3>Introducci\u00f3n<\/h3>\n<p>Planet A Language Solutions (en lo sucesivo, \u00abPlanet A\u00bb) se esfuerza seriamente por garantizar la privacidad y la seguridad de los datos. En esta pol\u00edtica se explica de qu\u00e9 modo y con qu\u00e9 prop\u00f3sito usamos tus datos recopilados por medio de nuestro sitio web www.planetalanguagesolutions.com (en lo sucesivo, \u00abel sitio web\u00bb), de conformidad con las disposiciones del Reglamento General de Protecci\u00f3n de Datos (RGPD) del 25 de mayo de 2018 y la Ley Org\u00e1nica espa\u00f1ola 3\/2018, de 5 de diciembre, de Protecci\u00f3n de Datos Personales y garant\u00eda de los derechos digitales (LOPDGDD).<\/p>\n<p>Te rogamos que leas detenidamente esta pol\u00edtica de privacidad. Al usar este sitio web y cualquiera de los servicios que ofrecemos en el mismo, aceptas los t\u00e9rminos de esta pol\u00edtica de privacidad con respecto a los datos personales que se recopilan por medio del sitio web.<\/p>\n<p>Esta pol\u00edtica no se aplica a sitios web de terceros y, por tanto, no nos responsabilizamos de la pol\u00edtica de privacidad de terceros ni del contenido de los sitios web que se enlazan. Te emplazamos a leer las pol\u00edticas de privacidad y los t\u00e9rminos y condiciones de los sitios web o de los terceros correspondientes.<\/p>\n<p>Si tienes alguna duda sobre esta pol\u00edtica de privacidad, te animamos a mandarnos un correo electr\u00f3nico a info@planetalanguagesolutions.com. Trataremos de responder detalladamente a tus preguntas.<\/p>\n<h3>Principios de la protecci\u00f3n de datos<\/h3>\n<p>Planet A cumple con la normativa relativa a la protecci\u00f3n de datos mencionada m\u00e1s arriba, que expone que los datos personales que almacenamos deben:<\/p>\n<ul>\n<li>Usarse leg\u00edtimamente, l\u00edcitamente y con transparencia.<\/li>\n<li>Recopilarse \u00fanicamente para fines justificados, que deben explicarse detalladamente, y no usarse de un modo incompatible con estos fines.<\/li>\n<li>Ser oportunos, pertinentes y los estrictamente necesarios con respecto a los fines para los que se tratan.<\/li>\n<li>Exactos y actualizados.<\/li>\n<li>Conservarse de modo que solo podamos identificarte durante el periodo necesario para los fines descritos.<\/li>\n<li>Almacenarse de forma segura.<\/li>\n<\/ul>\n<p>Hemos aplicado las medidas t\u00e9cnicas, de seguridad y organizativas oportunas para garantizar y preservar la confidencialidad, integridad y disponibilidad de los datos personales que nos proporciones por medio del sitio web.<\/p>\n<h3>C\u00f3mo recopilamos los datos personales<\/h3>\n<p>\u00danicamente recopilamos tus datos personales por medio del formulario de contacto.<\/p>\n<h3>Tipos de datos que recopilamos<\/h3>\n<p><strong>Datos que recopilamos directamente<\/strong><\/p>\n<ul>\n<li>Datos personales que nos proporcionas conscientemente, como tu nombre y apellidos, el nombre de tu empresa, tu correo electr\u00f3nico, tu direcci\u00f3n postal, tu ubicaci\u00f3n, etc.<\/li>\n<li>La documentaci\u00f3n que nos aportas cuando solicitas un presupuesto o un servicio. El contenido de cualquier archivo que env\u00edes a trav\u00e9s del formulario de contacto con este prop\u00f3sito se almacenar\u00e1 hasta que dejemos de necesitarlo.<\/li>\n<\/ul>\n<p><strong>Datos que se recopilan autom\u00e1ticamente<\/strong><\/p>\n<p>Cuando visitas el sitio web, obtenemos autom\u00e1ticamente una serie de datos. Entre estos datos se incluyen:<\/p>\n<ul>\n<li>La URL solicitada (Uniform Resource Locator).<\/li>\n<li>La direcci\u00f3n IP (protocolo de internet); este dato puede o no servir para identificar un ordenador concreto.<\/li>\n<li>Nombre de dominio desde el que accedes a Internet.<\/li>\n<li>URL de referencia.<\/li>\n<li>Software (navegador o sistema operativo) que se usa para acceder a la p\u00e1gina.<\/li>\n<li>Fecha y hora en las que se visitan las p\u00e1ginas.<\/li>\n<\/ul>\n<h3>Para qu\u00e9 usamos tus datos personales<\/h3>\n<ul>\n<li>Para responder a tus solicitudes o consultas.<\/li>\n<li>Para darte un presupuesto o proporcionarte un servicio.<\/li>\n<li>Para cumplir una obligaci\u00f3n legal, cuando proceda.<\/li>\n<li>Para contribuir a garantizar la protecci\u00f3n y la seguridad de nuestro sitio web.<\/li>\n<\/ul>\n<h3>Acceso de terceros<\/h3>\n<p>Todos los datos se tratan en ordenadores protegidos con contrase\u00f1a a los que no pueden acceder terceros. No usamos tus datos personales con fines de marketing y tampoco los compartimos con terceros. No obstante, como en cualquier otro sitio web, cuando visitas el sitio web, tu direcci\u00f3n IP queda registrada. Es probable que tu direcci\u00f3n IP proporcione informaci\u00f3n sobre la ciudad o el pa\u00eds en el que se encuentran tu empresa o tu dispositivo. Tambi\u00e9n podr\u00eda registrarse la p\u00e1gina desde la que has accedido al sitio web (por ejemplo, www.google.com). Estos datos se usan exclusivamente para la gesti\u00f3n del sitio web. La empresa encargada del alojamiento de Planet A puede acceder a ellos, pero no se comparten con ninguna otra tercera parte.<\/p>\n<h3>Ejercicio de derechos<\/h3>\n<p>En virtud de la normativa relativa a los datos personales anteriormente mencionada, como particular puedes ejercer, en cualquier momento, los derechos que se recogen a continuaci\u00f3n:<\/p>\n<ul>\n<li>Derecho de acceso: tienes derecho a recibir la confirmaci\u00f3n de que tus datos se est\u00e1n tratando, as\u00ed como a acceder a tus datos personales.<\/li>\n<li>Derecho de rectificaci\u00f3n: tienes derecho a rectificar los datos personales inexactos o a completar los datos incompletos.<\/li>\n<li>Derecho de supresi\u00f3n (o \u00abderecho al olvido\u00bb): tienes derecho a que se supriman tus datos personales.<\/li>\n<li>Derecho a la limitaci\u00f3n del tratamiento: tienes derecho a solicitar que se limite el tratamiento de tus datos personales. Puesto que no se trata de un derecho absoluto, se aplica en determinadas circunstancias.<\/li>\n<li>Derecho a la portabilidad de los datos: tienes derecho a recibir y reutilizar tus datos personales en servicios distintos que sean de tu inter\u00e9s.<\/li>\n<li>Derecho de oposici\u00f3n: tienes derecho a oponerte al tratamiento de tus datos en determinadas circunstancias. En este caso, debe interrumpirse el tratamiento, salvo que se acrediten motivos leg\u00edtimos imperiosos que prevalezcan sobre tus intereses, derechos y libertades, o si el tratamiento se lleva a cabo con relaci\u00f3n a una reclamaci\u00f3n.<\/li>\n<li>Derecho a ser informado: tienes derecho a que te informemos de los motivos por los que necesitamos tratar tus datos personales y c\u00f3mo los usamos, con qui\u00e9n podemos compartirlos y c\u00f3mo los conservamos de manera segura.<\/li>\n<li>Derechos sobre las decisiones individuales automatizadas y la elaboraci\u00f3n de perfiles: tienes derecho a no ser objeto de una decisi\u00f3n basada \u00fanicamente en el tratamiento automatizado. Se considera que el tratamiento es \u00abautomatizado\u00bb si se efect\u00faa sin que intervengan personas y te produce efectos legales o te afecta significativamente. El tratamiento automatizado incluye la elaboraci\u00f3n de perfiles.<\/li>\n<\/ul>\n<p>Si deseas ejercer tus derechos, escr\u00edbenos a <a href=\"mailto:info@planetalanguagesolutions.com\" target=\"_blank\" rel=\"noopener\">info@planetalanguagesolutions.com<\/a>.<\/p>\n<h3>Cambios en nuestra pol\u00edtica de privacidad<\/h3>\n<p>Nos comprometemos a actualizar esta pol\u00edtica de privacidad para asegurarnos de que se adecua a cualquier cambio en la legislaci\u00f3n de protecci\u00f3n de datos o para recoger cualquier variaci\u00f3n en el modo en que usamos los datos personales. La Pol\u00edtica de privacidad de nuestro sitio web siempre se corresponde con nuestros procesos y pol\u00edticas m\u00e1s actuales e imperantes.<\/p>\n<h3>Pol\u00edtica de cookies<\/h3>\n<p>Las cookies son peque\u00f1os archivos de texto que los sitios web que visitas depositan en tu ordenador, smartphone o tableta. Sirven para que el servidor del sitio web identifique tu ordenador y, por consiguiente, personalice el contenido del sitio web para adaptarlo a tu uso, tanto en la sesi\u00f3n de navegaci\u00f3n presente como para futuras visitas. Tambi\u00e9n permiten mejorar la funcionalidad del sitio web, por ejemplo, para facilitar una navegaci\u00f3n entre las p\u00e1ginas de manera m\u00e1s eficiente.<\/p>\n<p>Algunas cookies, denominadas \u00abcookies de sesi\u00f3n\u00bb, se crean \u00fanicamente para la duraci\u00f3n de la visita y se borran cuando se sale de la p\u00e1gina web. Otras cookies, denominadas \u00abcookies permanentes\u00bb, permanecen en el dispositivo durante el periodo de tiempo definido en la cookie. Las cookies permanentes se activan cada vez que se visita el sitio web que genera la cookie en cuesti\u00f3n para que el sitio web recuerde qui\u00e9n eres cuando vuelvas a visitarlo y, as\u00ed, personalice el contenido para adecuarlo a tu uso.<\/p>\n<h2>\u00bfQu\u00e9 cookies utiliza este sitio web?<\/h2>\n<p>Este sitio web utiliza las cookies estrictamente necesarias para garantizar las funcionalidades primordiales, como la seguridad, la gesti\u00f3n de red o la accesibilidad. Estas cookies no recopilan informaci\u00f3n personal que se pueda usar para fines de marketing o para recordar qu\u00e9 p\u00e1ginas de Internet has visitado. Al continuar navegando por nuestro sitio web, nos das tu consentimiento para que usemos las cookies descritas.<\/p>\n<p>Puedes bloquear las cookies modificando la configuraci\u00f3n de tu navegador. No obstante, ten en cuenta que si bloqueas todas las cookies (incluidas las cookies estrictamente necesarias), puede que tu experiencia de navegaci\u00f3n se vea entorpecida.<\/p>\n<p>Puedes consultar m\u00e1s informaci\u00f3n sobre las cookies en <a href=\"about:blank\">www.allaboutcookies.org<\/a>.<\/p>\n<h2>C\u00f3mo cambiar la configuraci\u00f3n de las cookies<\/h2>\n<p>En la mayor\u00eda de los navegadores se puede cambiar la configuraci\u00f3n de las cookies. Por lo general, se puede acceder a los par\u00e1metros de configuraci\u00f3n en los men\u00fas \u00abopciones\u00bb o \u00abpreferencias\u00bb de los navegadores web. Sin embargo, ten en cuenta que al bloquear las cookies el uso del sitio web puede quedar restringido.<\/p>\n<p>Te invitamos a visitar las siguientes p\u00e1ginas para conocer toda la informaci\u00f3n detallada sobre c\u00f3mo gestionar las cookies dependiendo del navegador que uses:<\/p>\n<ul>\n<li><a href=\"https:\/\/support.apple.com\/en-gb\/guide\/safari\/sfri11471\/mac\" target=\"_blank\" rel=\"noopener\">Apple Safari<\/a><\/li>\n<li><a href=\"https:\/\/support.google.com\/chrome\/answer\/95647?hl=en-GB&amp;co=GENIE.Platform=Desktop\" target=\"_blank\" rel=\"noopener\">Google Chrome<\/a><\/li>\n<li><a href=\"https:\/\/support.microsoft.com\/es-es\/topic\/ver-las-cookies-en-microsoft-edge-a7d95376-f2cd-8e4a-25dc-1de753474879\" target=\"_blank\" rel=\"noopener\">Microsoft Edge<\/a><\/li>\n<li><a href=\"https:\/\/support.microsoft.com\/en-us\/windows\/delete-and-manage-cookies-168dab11-0753-043d-7c16-ede5947fc64d\" target=\"_blank\" rel=\"noopener\">Microsoft Internet Explorer<\/a><\/li>\n<li><a href=\"https:\/\/support.mozilla.org\/en-US\/products\/firefox\/protect-your-privacy\/cookies\" target=\"_blank\" rel=\"noopener\">Mozilla Firefox<\/a><\/li>\n<\/ul>\n<h2>Nuestra pol\u00edtica de cookies no cubre los sitios web de terceros<\/h2>\n<p>Ten en cuenta que esta pol\u00edtica de cookies no se aplica a sitios web de terceros y, por tanto, no nos responsabilizamos de las pr\u00e1cticas de privacidad de los sitios web de terceros que se enlazan o a los que se puede acceder desde este sitio web.<\/p>\n<h2>Cambios en nuestra pol\u00edtica de cookies<\/h2>\n<p>Es posible que actualicemos la pol\u00edtica de cookies cada cierto tiempo para mantenerte completamente informado sobre el uso de las cookies en nuestro sitio web. Te aconsejamos consultar esta pol\u00edtica de cookies cada vez que accedas al sitio web para comprobar si nuestro uso de las cookies ha cambiado.<\/p>\n<p><em>Last update: 30\/04\/2022<\/em><\/p>\n","protected":false},"excerpt":{"rendered":"<p>Introducci\u00f3n Planet A Language Solutions (en lo sucesivo, \u00abPlanet A\u00bb) se esfuerza seriamente por garantizar la privacidad y la seguridad de los datos. En esta pol\u00edtica se explica de qu\u00e9 modo y con qu\u00e9 prop\u00f3sito usamos tus datos recopilados por medio de nuestro sitio web www.planetalanguagesolutions.com (en lo sucesivo, \u00abel sitio web\u00bb), de conformidad con [&hellip;]<\/p>\n","protected":false},"author":5,"featured_media":0,"parent":0,"menu_order":0,"comment_status":"closed","ping_status":"closed","template":"","meta":{"_genesis_hide_title":false,"_genesis_hide_breadcrumbs":false,"_genesis_hide_singular_image":false,"_genesis_hide_footer_widgets":false,"_genesis_custom_body_class":"","_genesis_custom_post_class":"","_genesis_layout":"","footnotes":""},"class_list":{"0":"post-1053","1":"page","2":"type-page","3":"status-publish","5":"entry"},"_links":{"self":[{"href":"https:\/\/planetalanguagesolutions.com\/es\/wp-json\/wp\/v2\/pages\/1053","targetHints":{"allow":["GET"]}}],"collection":[{"href":"https:\/\/planetalanguagesolutions.com\/es\/wp-json\/wp\/v2\/pages"}],"about":[{"href":"https:\/\/planetalanguagesolutions.com\/es\/wp-json\/wp\/v2\/types\/page"}],"author":[{"embeddable":true,"href":"https:\/\/planetalanguagesolutions.com\/es\/wp-json\/wp\/v2\/users\/5"}],"replies":[{"embeddable":true,"href":"https:\/\/planetalanguagesolutions.com\/es\/wp-json\/wp\/v2\/comments?post=1053"}],"version-history":[{"count":13,"href":"https:\/\/planetalanguagesolutions.com\/es\/wp-json\/wp\/v2\/pages\/1053\/revisions"}],"predecessor-version":[{"id":1854,"href":"https:\/\/planetalanguagesolutions.com\/es\/wp-json\/wp\/v2\/pages\/1053\/revisions\/1854"}],"wp:attachment":[{"href":"https:\/\/planetalanguagesolutions.com\/es\/wp-json\/wp\/v2\/media?parent=1053"}],"curies":[{"name":"wp","href":"https:\/\/api.w.org\/{rel}","templated":true}]}}