{"id":1032,"date":"2022-02-23T21:31:30","date_gmt":"2022-02-23T21:31:30","guid":{"rendered":"https:\/\/planetalanguagesolutions.com\/?page_id=1032"},"modified":"2022-05-09T19:27:23","modified_gmt":"2022-05-09T19:27:23","slug":"politique-de-confidentialite","status":"publish","type":"page","link":"https:\/\/planetalanguagesolutions.com\/fr\/politique-de-confidentialite","title":{"rendered":"Politique de confidentialit\u00e9"},"content":{"rendered":"<h3>Introduction<\/h3>\n<p style=\"text-align: justify;\">Planet A Language Solutions (ci-apr\u00e8s \u00ab\u00a0Planet A\u00a0\u00bb) prend tr\u00e8s au s\u00e9rieux la protection de vos donn\u00e9es confidentielles. Notre politique de confidentialit\u00e9 d\u00e9taille les modalit\u00e9s et l\u2019objet du traitement des donn\u00e9es personnelles que nous collectons par l\u2019interm\u00e9diaire de notre site Internet <a href=\"about:blank\">www.planetalanguagesolutions.com<\/a> (ci-apr\u00e8s \u00ab\u00a0le Site\u00a0\u00bb) conform\u00e9ment aux dispositions du r\u00e8glement g\u00e9n\u00e9ral sur la protection des donn\u00e9es de l\u2019UE (RGPD) du 25\u00a0mai 2018 et de la loi organique espagnole 3\/2018 du 5\u00a0d\u00e9cembre 2018 relative \u00e0 la protection des donn\u00e9es personnelles et \u00e0 la garantie des droits num\u00e9riques (LOPDGDD).<\/p>\n<p style=\"text-align: justify;\">Nous vous remercions de bien vouloir lire attentivement cette politique de confidentialit\u00e9. En utilisant ce Site et en recourant \u00e0 nos services, vous reconnaissez accepter les termes de cette politique relative aux donn\u00e9es personnelles recueillies \u00e0 travers le Site.<\/p>\n<p style=\"text-align: justify;\">La pr\u00e9sente politique ne s\u2019applique pas aux pratiques des tiers en mati\u00e8re de confidentialit\u00e9 ni aux contenus des sites Internet li\u00e9s, \u00e0 l\u2019\u00e9gard desquels nous d\u00e9clinons toute responsabilit\u00e9. Nous vous recommandons par cons\u00e9quent de lire les r\u00e8gles de confidentialit\u00e9 et les conditions g\u00e9n\u00e9rales de vente applicables de ces tiers ou de ces sites Internet.<\/p>\n<p style=\"text-align: justify;\">Pour toute question sur la pr\u00e9sente politique, merci d\u2019adresser un e-mail \u00e0 info@planetalanguagesolutions.com. Nous nous efforcerons d\u2019y r\u00e9pondre du mieux que nous le pouvons.<\/p>\n<h3>Principes de protection des donn\u00e9es<\/h3>\n<p style=\"text-align: justify;\">Planet A respecte les lois de protection des donn\u00e9es mentionn\u00e9es ci-dessus, en vertu desquelles les donn\u00e9es personnelles que nous recueillons \u00e0 votre sujet doivent \u00eatre saisies et utilis\u00e9es\u00a0:<\/p>\n<ul style=\"text-align: justify;\">\n<li>de mani\u00e8re l\u00e9gale, honn\u00eate et transparente\u00a0;<\/li>\n<li>uniquement aux fins l\u00e9gitimes que nous vous avons clairement expliqu\u00e9es et non de mani\u00e8re incompatible avec ces fins\u00a0;<\/li>\n<li>de mani\u00e8re appropri\u00e9e, pertinente et limit\u00e9e \u00e0 ce qui est n\u00e9cessaire au regard des fins du traitement\u00a0;<\/li>\n<li>de mani\u00e8re v\u00e9ridique et actualis\u00e9e\u00a0;<\/li>\n<li>sous une forme qui ne permette de vous identifier que pour la dur\u00e9e n\u00e9cessaire aux fins mentionn\u00e9es\u00a0;<\/li>\n<li>de mani\u00e8re s\u00e9curis\u00e9e.<\/li>\n<\/ul>\n<p style=\"text-align: justify;\">Nous avons pris des mesures techniques et organisationnelles appropri\u00e9es en mati\u00e8re de s\u00e9curit\u00e9 afin de garantir et de pr\u00e9server la confidentialit\u00e9, l\u2019int\u00e9grit\u00e9 et la disponibilit\u00e9 des donn\u00e9es personnelles que vous fournissez par le biais du Site.<\/p>\n<h3>Collecte de vos donn\u00e9es personnelles<\/h3>\n<p style=\"text-align: justify;\">Les seules donn\u00e9es personnelles que nous collectons \u00e0 votre sujet le sont par le biais de notre formulaire de contact.<\/p>\n<h3>Type de donn\u00e9es collect\u00e9es<\/h3>\n<p style=\"text-align: justify;\">Donn\u00e9es que nous collectons directement<\/p>\n<ul style=\"text-align: justify;\">\n<li>Les donn\u00e9es \u00e0 caract\u00e8re personnel que vous mettez intentionnellement \u00e0 disposition\u00a0comme votre nom, le nom de votre entreprise, votre adresse e-mail, votre adresse postale, votre localisation,\u00a0etc.<\/li>\n<li>Les documents que vous nous fournissez pour recevoir une offre ou demander une prestation de service. Les contenus des donn\u00e9es envoy\u00e9es \u00e0 cette fin par le biais du formulaire de contact sont sauvegard\u00e9s jusqu\u2019\u00e0 ce qu\u2019ils ne soient plus n\u00e9cessaires.<\/li>\n<\/ul>\n<p style=\"text-align: justify;\">Donn\u00e9es collect\u00e9es automatiquement<\/p>\n<p style=\"text-align: justify;\">Certaines donn\u00e9es sont transmises automatiquement lorsque vous consultez le Site. Parmi ces donn\u00e9es figurent\u00a0:<\/p>\n<ul style=\"text-align: justify;\">\n<li>l\u2019URL (Uniform Resource Locator) consult\u00e9e\u00a0;<\/li>\n<li>l\u2019adresse IP (peut, mais ne doit pas, permettre d\u2019identifier un ordinateur donn\u00e9)\u00a0;<\/li>\n<li>le nom de domaine depuis lequel vous acc\u00e9dez \u00e0 Internet\u00a0;<\/li>\n<li>l\u2019URL de r\u00e9f\u00e9rence\u00a0;<\/li>\n<li>le logiciel (navigateur\/syst\u00e8me d\u2019exploitation) utilis\u00e9 pour acc\u00e9der \u00e0 la page\u00a0;<\/li>\n<li>la date et l\u2019heure de consultation de la page.<\/li>\n<\/ul>\n<h3 style=\"text-align: justify;\">Pourquoi utilisons-nous vos donn\u00e9es personnelles\u00a0?<strong>\u00a0<\/strong><\/h3>\n<ul>\n<li>Pour r\u00e9pondre \u00e0 vos demandes.<\/li>\n<li>Pour envoyer des offres ou des prestations.<\/li>\n<li>Pour respecter une obligation l\u00e9gale.<\/li>\n<li>Pour s\u00e9curiser durablement notre Site.<\/li>\n<\/ul>\n<h3>Protection contre l\u2019acc\u00e8s de tiers<\/h3>\n<p style=\"text-align: justify;\">Toutes les donn\u00e9es sont trait\u00e9es sur des ordinateurs prot\u00e9g\u00e9s par un mot de passe et sont inaccessibles \u00e0 des tiers. Nous n\u2019utilisons pas vos donn\u00e9es personnelles \u00e0 des fins de marketing et ne les transmettons pas \u00e0 des tiers. Cependant, comme pour tous les sites Internet, votre adresse IP est enregistr\u00e9e lorsque vous naviguez sur le Site. Elle peut renseigner sur la ville ou le pays o\u00f9 se trouve votre entreprise ou votre appareil. La page depuis laquelle vous avez \u00e9t\u00e9 \u00ab\u00a0redirig\u00e9\u00b7e\u00a0\u00bb vers le Site (par exemple, www.google.com) peut \u00e9galement \u00eatre enregistr\u00e9e. Ces donn\u00e9es sont utilis\u00e9es exclusivement pour l\u2019administration du Site. Elles sont accessibles \u00e0 l\u2019h\u00e9bergeur de Planet A, mais ne sont pas transmises \u00e0 des tiers.<\/p>\n<h3>Comment exercer vos droits<\/h3>\n<p style=\"text-align: justify;\">Conform\u00e9ment aux lois sur la protection des donn\u00e9es personnelles mentionn\u00e9es dans l\u2019introduction, vous disposez \u00e0 titre individuel des droits suivants que vous avez la possibilit\u00e9 de faire valoir \u00e0 tout moment.<\/p>\n<ul style=\"text-align: justify;\">\n<li>Droit d\u2019acc\u00e8s\u00a0: vous avez le droit d\u2019obtenir la confirmation que vos donn\u00e9es ont \u00e9t\u00e9 trait\u00e9es ainsi que le droit d\u2019acc\u00e9der \u00e0 vos donn\u00e9es personnelles.<\/li>\n<li>Droit de rectification\u00a0: vous avez le droit de rectifier des donn\u00e9es personnelles erron\u00e9es ou de les compl\u00e9ter si celles-ci sont incompl\u00e8tes.<\/li>\n<li>Droit \u00e0 l\u2019effacement\u00a0ou \u00ab\u00a0droit \u00e0 l\u2019oubli\u00a0\u00bb\u00a0: vous avez le droit de demander la suppression de toutes vos donn\u00e9es.<\/li>\n<li>Droit \u00e0 la limitation du traitement\u00a0: vous avez le droit d\u2019exiger la limitation du traitement de vos donn\u00e9es personnelles. Ce droit n\u2019est pas illimit\u00e9 et s\u2019applique uniquement dans certaines circonstances.<\/li>\n<li>Droit \u00e0 la portabilit\u00e9 des donn\u00e9es\u00a0: vous avez le droit d\u2019obtenir et de r\u00e9utiliser vos donn\u00e9es personnelles \u00e0 travers diff\u00e9rents services, quelle qu\u2019en soit la finalit\u00e9.<\/li>\n<li>Droit d\u2019opposition\u00a0: vous avez le droit de vous opposer au traitement de vos donn\u00e9es dans certaines circonstances. Le traitement doit cesser, sauf s\u2019il existe des motifs l\u00e9gitimes qui l\u2019emportent sur vos droits, vos int\u00e9r\u00eats ou vos libert\u00e9s ou si le traitement est effectu\u00e9 dans le cadre de l\u2019exercice d\u2019un droit l\u00e9gal.<\/li>\n<li>Droit d\u2019acc\u00e8s\u00a0aux donn\u00e9es\u00a0: vous avez le droit de savoir pourquoi nous devons traiter vos donn\u00e9es personnelles, comment nous les utilisons, \u00e0 qui nous les transmettons et de quelle mani\u00e8re nous les prot\u00e9geons.<\/li>\n<li>Droits concernant la prise de d\u00e9cision automatis\u00e9e et le profilage\u00a0: vous avez le droit de ne pas subir une d\u00e9cision qui repose exclusivement sur le traitement automatis\u00e9. On parle de traitement automatis\u00e9 quand il est effectu\u00e9 sans intervention humaine, qu\u2019il a des cons\u00e9quences juridiques ou vous porte atteinte de mani\u00e8re significative. Le traitement automatis\u00e9 inclut \u00e9galement le profilage.<\/li>\n<\/ul>\n<p style=\"text-align: justify;\">Pour faire valoir ces droits, veuillez envoyer un e-mail \u00e0 <a href=\"about:blank\">info@planetalanguagesolutions.com<\/a>.<\/p>\n<h3 style=\"text-align: justify;\">Modifications de notre politique de confidentialit\u00e9<\/h3>\n<p style=\"text-align: justify;\">Nous pourrons \u00eatre amen\u00e9s \u00e0 modifier cette politique de confidentialit\u00e9 afin de garantir sa mise en conformit\u00e9 avec la l\u00e9gislation en vigueur ou pour signaler tout changement dans la fa\u00e7on dont nous utilisons vos donn\u00e9es personnelles. La politique de confidentialit\u00e9 de notre Site est conforme aux directives et aux proc\u00e9dures en vigueur et applicables.<\/p>\n<h3>Politique en mati\u00e8re de cookies<\/h3>\n<p style=\"text-align: justify;\">Les cookies sont de petits fichiers textes qui sont d\u00e9pos\u00e9s sur votre ordinateur, votre smartphone ou votre tablette lorsque vous consultez des sites Internet. Ils sont utilis\u00e9s pour identifier votre ordinateur aupr\u00e8s du serveur d\u2019un site Internet et permettent d\u2019adapter le site \u00e0 votre utilisation lors de la session de navigation en cours ou de vos futures visites du site. Par ailleurs, ils am\u00e9liorent la fonctionnalit\u00e9 du site en facilitant par exemple le chargement des pages.<\/p>\n<p style=\"text-align: justify;\">Certains cookies, dits cookies de session, ne sont cr\u00e9\u00e9s que pour la dur\u00e9e de votre navigation sur le site et supprim\u00e9s lorsque vous le quittez. D\u2019autres (cookies permanents) restent sur votre appareil pour une dur\u00e9e d\u00e9termin\u00e9e dans le cookie. Ces cookies permanents sont r\u00e9activ\u00e9s \u00e0 chaque visite du site Internet sur lequel le cookie en question a \u00e9t\u00e9 cr\u00e9\u00e9 afin que le site se souvienne de vous \u00e0 votre retour et puisse \u00eatre adapt\u00e9 \u00e0 votre utilisation.<\/p>\n<h2>Cookies utilis\u00e9s sur ce Site<\/h2>\n<p style=\"text-align: justify;\">Ce Site n\u2019utilise que les cookies strictement n\u00e9cessaires pour garantir des fonctionnalit\u00e9s essentielles telles que la s\u00e9curit\u00e9, la gestion du r\u00e9seau et l\u2019acc\u00e8s. Ces cookies ne recueillent sur vous aucune donn\u00e9e qui pourrait \u00eatre utilis\u00e9e \u00e0 des fins de marketing ou pour suivre votre navigation sur Internet. En parcourant notre Site, vous consentez \u00e0 leur utilisation.<\/p>\n<p style=\"text-align: justify;\">Vous pouvez bloquer les cookies en param\u00e9trant votre navigateur. Le blocage de tous les cookies (y compris des cookies strictement n\u00e9cessaires) peut toutefois compromettre votre exp\u00e9rience d\u2019utilisateur.<\/p>\n<p style=\"text-align: justify;\">Pour de plus amples informations concernant les cookies, vous pouvez consulter le site https:\/\/www.allaboutcookies.org\/fr\/.<\/p>\n<h3>Modification des r\u00e9glages des cookies<\/h3>\n<p style=\"text-align: justify;\">La plupart des navigateurs vous permettent de modifier vos param\u00e8tres de cookies. Ces r\u00e9glages figurent g\u00e9n\u00e9ralement sous le menu Options ou Param\u00e8tres de votre navigateur. Veuillez noter cependant que le blocage des cookies peut limiter votre utilisation de ce Site.<\/p>\n<p style=\"text-align: justify;\">Vous en saurez plus sur la mani\u00e8re dont vous pouvez g\u00e9rer les cookies dans chaque navigateur en consultant les sites suivants\u00a0:<\/p>\n<ul>\n<li style=\"text-align: justify;\"><a href=\"https:\/\/support.google.com\/chrome\/answer\/95647?hl=fr\">Google Chrome<\/a><\/li>\n<li><a href=\"https:\/\/support.microsoft.com\/fr-fr\/topic\/comment-faire-pour-supprimer-des-fichiers-cookie-dans-internet-explorer-bca9446f-d873-78de-77ba-d42645fa52fc\">Microsoft Internet Explorer<\/a><\/li>\n<li><a href=\"https:\/\/support.mozilla.org\/fr\/kb\/cookies-informations-sites-enregistrent\">Mozilla Firefox<\/a><\/li>\n<li><a href=\"https:\/\/support.microsoft.com\/fr-fr\/microsoft-edge\/supprimer-les-cookies-dans-microsoft-edge-63947406-40ac-c3b8-57b9-2a946a29ae09\">Microsoft Edge<\/a><\/li>\n<li><a href=\"https:\/\/support.apple.com\/fr-fr\/guide\/safari\/sfri11471\/mac\">Apple Safari<\/a><\/li>\n<\/ul>\n<h3>Sites Internet tiers<\/h3>\n<p style=\"text-align: justify;\">La pr\u00e9sente politique en mati\u00e8re de cookies ne s\u2019applique pas aux pratiques de confidentialit\u00e9 de sites Internet tiers li\u00e9s \u00e0 ce Site ou accessibles par le biais de ce Site. Nous d\u00e9clinons par cons\u00e9quent toute responsabilit\u00e9 quant \u00e0 leur contenu.<\/p>\n<h3>Modifications<\/h3>\n<p style=\"text-align: justify;\">Nous nous r\u00e9servons le droit d\u2019actualiser \u00e0 tout moment la pr\u00e9sente politique pour vous informer de mani\u00e8re exhaustive sur l\u2019utilisation des cookies sur notre Site. Nous vous recommandons de consulter cette politique de cookies \u00e0 chacune de vos visites afin de v\u00e9rifier si notre utilisation a chang\u00e9.<\/p>\n<p><em>Derni\u00e8re mise \u00e0 jour le\u00a0: 07.01.2022<\/em><\/p>\n","protected":false},"excerpt":{"rendered":"<p>Introduction Planet A Language Solutions (ci-apr\u00e8s \u00ab\u00a0Planet A\u00a0\u00bb) prend tr\u00e8s au s\u00e9rieux la protection de vos donn\u00e9es confidentielles. Notre politique de confidentialit\u00e9 d\u00e9taille les modalit\u00e9s et l\u2019objet du traitement des donn\u00e9es personnelles que nous collectons par l\u2019interm\u00e9diaire de notre site Internet www.planetalanguagesolutions.com (ci-apr\u00e8s \u00ab\u00a0le Site\u00a0\u00bb) conform\u00e9ment aux dispositions du r\u00e8glement g\u00e9n\u00e9ral sur la protection des [&hellip;]<\/p>\n","protected":false},"author":5,"featured_media":0,"parent":0,"menu_order":0,"comment_status":"closed","ping_status":"closed","template":"","meta":{"_genesis_hide_title":false,"_genesis_hide_breadcrumbs":false,"_genesis_hide_singular_image":false,"_genesis_hide_footer_widgets":false,"_genesis_custom_body_class":"","_genesis_custom_post_class":"","_genesis_layout":"","footnotes":""},"class_list":{"0":"post-1032","1":"page","2":"type-page","3":"status-publish","5":"entry"},"_links":{"self":[{"href":"https:\/\/planetalanguagesolutions.com\/fr\/wp-json\/wp\/v2\/pages\/1032","targetHints":{"allow":["GET"]}}],"collection":[{"href":"https:\/\/planetalanguagesolutions.com\/fr\/wp-json\/wp\/v2\/pages"}],"about":[{"href":"https:\/\/planetalanguagesolutions.com\/fr\/wp-json\/wp\/v2\/types\/page"}],"author":[{"embeddable":true,"href":"https:\/\/planetalanguagesolutions.com\/fr\/wp-json\/wp\/v2\/users\/5"}],"replies":[{"embeddable":true,"href":"https:\/\/planetalanguagesolutions.com\/fr\/wp-json\/wp\/v2\/comments?post=1032"}],"version-history":[{"count":6,"href":"https:\/\/planetalanguagesolutions.com\/fr\/wp-json\/wp\/v2\/pages\/1032\/revisions"}],"predecessor-version":[{"id":1195,"href":"https:\/\/planetalanguagesolutions.com\/fr\/wp-json\/wp\/v2\/pages\/1032\/revisions\/1195"}],"wp:attachment":[{"href":"https:\/\/planetalanguagesolutions.com\/fr\/wp-json\/wp\/v2\/media?parent=1032"}],"curies":[{"name":"wp","href":"https:\/\/api.w.org\/{rel}","templated":true}]}}